{"id":5926,"date":"2024-09-08T17:07:48","date_gmt":"2024-09-08T15:07:48","guid":{"rendered":"https:\/\/sarhaneg.com\/?post_type=product&#038;p=5926"},"modified":"2024-10-23T16:56:38","modified_gmt":"2024-10-23T14:56:38","slug":"sunny-nour","status":"publish","type":"product","link":"https:\/\/sarhaneg.com\/es\/catalogue\/marble\/sunny-nour\/","title":{"rendered":"Sunny Nour"},"content":{"rendered":"","protected":false},"excerpt":{"rendered":"<p><span style=\"font-weight: 400;\">El m\u00e1rmol Sunny Nour presenta un color cr\u00e8me c\u00e1lido con matices dorados y delicadas vetas onduladas. Es perfecto para suelos lujosos y revestimientos de paredes, y es popular en estructuras modernas para elementos decorativos, encimeras y escaleras. En el exterior, realza el revestimiento de paredes y las caracter\u00edsticas del jard\u00edn, a\u00f1adiendo un toque de sofisticaci\u00f3n a cualquier espacio.<\/span><\/p>","protected":false},"featured_media":6218,"comment_status":"open","ping_status":"closed","template":"","meta":{"_acf_changed":false},"product_brand":[],"product_cat":[98],"product_tag":[122,123,124,128,130],"class_list":{"0":"post-5926","1":"product","2":"type-product","3":"status-publish","4":"has-post-thumbnail","6":"product_cat-marble","7":"product_tag-acid-wash","8":"product_tag-brushed","9":"product_tag-polished","10":"product_tag-sandblast","11":"product_tag-tumble","13":"first","14":"instock","15":"shipping-taxable","16":"purchasable","17":"product-type-variable"},"acf":[],"yoast_head":"<!-- This site is optimized with the Yoast SEO plugin v25.5 - https:\/\/yoast.com\/wordpress\/plugins\/seo\/ -->\n<title>Sunny Nour - Sarhan for Marble &amp; Granite | Egypt&#039;s Leading Manufacturer and Exporter of Egyptian Marble and Granite<\/title>\n<meta name=\"robots\" content=\"index, follow, max-snippet:-1, max-image-preview:large, max-video-preview:-1\" \/>\n<link rel=\"canonical\" href=\"https:\/\/sarhaneg.com\/es\/catalogue\/marble\/sunny-nour\/\" \/>\n<meta property=\"og:locale\" content=\"es_ES\" \/>\n<meta property=\"og:type\" content=\"article\" \/>\n<meta property=\"og:title\" content=\"Sunny Nour - Sarhan for Marble &amp; Granite | Egypt&#039;s Leading Manufacturer and Exporter of Egyptian Marble and Granite\" \/>\n<meta property=\"og:description\" content=\"Sunny Nour marble features a warm cr\u00e8me colour with golden hues and delicate, wavy veins. It&#039;s perfect for luxurious flooring and wall cladding, and is popular in modern structures for decorative elements, countertops, and staircases. Outdoors, it enhances wall cladding and garden features, adding a touch of sophistication to any space.\" \/>\n<meta property=\"og:url\" content=\"https:\/\/sarhaneg.com\/es\/catalogue\/marble\/sunny-nour\/\" \/>\n<meta property=\"og:site_name\" content=\"Sarhan for Marble &amp; Granite | Egypt&#039;s Leading Manufacturer and Exporter of Egyptian Marble and Granite\" \/>\n<meta property=\"article:publisher\" content=\"https:\/\/www.facebook.com\/SarhanMarbleGranite\" \/>\n<meta property=\"article:modified_time\" content=\"2024-10-23T14:56:38+00:00\" \/>\n<meta property=\"og:image\" content=\"https:\/\/sarhaneg.com\/wp-content\/uploads\/2024\/09\/SunnyNour-Polished-1.jpg\" \/>\n\t<meta property=\"og:image:width\" content=\"2000\" \/>\n\t<meta property=\"og:image:height\" content=\"2000\" \/>\n\t<meta property=\"og:image:type\" content=\"image\/jpeg\" \/>\n<meta name=\"twitter:card\" content=\"summary_large_image\" \/>\n<script type=\"application\/ld+json\" class=\"yoast-schema-graph\">{\"@context\":\"https:\/\/schema.org\",\"@graph\":[{\"@type\":\"WebPage\",\"@id\":\"https:\/\/sarhaneg.com\/catalogue\/marble\/sunny-nour\/\",\"url\":\"https:\/\/sarhaneg.com\/catalogue\/marble\/sunny-nour\/\",\"name\":\"Sunny Nour - Sarhan for Marble &amp; Granite | Egypt&#039;s Leading Manufacturer and Exporter of Egyptian Marble and Granite\",\"isPartOf\":{\"@id\":\"https:\/\/sarhaneg.com\/#website\"},\"primaryImageOfPage\":{\"@id\":\"https:\/\/sarhaneg.com\/catalogue\/marble\/sunny-nour\/#primaryimage\"},\"image\":{\"@id\":\"https:\/\/sarhaneg.com\/catalogue\/marble\/sunny-nour\/#primaryimage\"},\"thumbnailUrl\":\"https:\/\/sarhaneg.com\/wp-content\/uploads\/2024\/09\/SunnyNour-Polished-1.jpg\",\"datePublished\":\"2024-09-08T15:07:48+00:00\",\"dateModified\":\"2024-10-23T14:56:38+00:00\",\"breadcrumb\":{\"@id\":\"https:\/\/sarhaneg.com\/catalogue\/marble\/sunny-nour\/#breadcrumb\"},\"inLanguage\":\"es\",\"potentialAction\":[{\"@type\":\"ReadAction\",\"target\":[\"https:\/\/sarhaneg.com\/catalogue\/marble\/sunny-nour\/\"]}]},{\"@type\":\"ImageObject\",\"inLanguage\":\"es\",\"@id\":\"https:\/\/sarhaneg.com\/catalogue\/marble\/sunny-nour\/#primaryimage\",\"url\":\"https:\/\/sarhaneg.com\/wp-content\/uploads\/2024\/09\/SunnyNour-Polished-1.jpg\",\"contentUrl\":\"https:\/\/sarhaneg.com\/wp-content\/uploads\/2024\/09\/SunnyNour-Polished-1.jpg\",\"width\":2000,\"height\":2000},{\"@type\":\"BreadcrumbList\",\"@id\":\"https:\/\/sarhaneg.com\/catalogue\/marble\/sunny-nour\/#breadcrumb\",\"itemListElement\":[{\"@type\":\"ListItem\",\"position\":1,\"name\":\"Home\",\"item\":\"https:\/\/sarhaneg.com\/\"},{\"@type\":\"ListItem\",\"position\":2,\"name\":\"Catalogue\",\"item\":\"https:\/\/sarhaneg.com\/catalogue\/\"},{\"@type\":\"ListItem\",\"position\":3,\"name\":\"Sunny Nour\"}]},{\"@type\":\"WebSite\",\"@id\":\"https:\/\/sarhaneg.com\/#website\",\"url\":\"https:\/\/sarhaneg.com\/\",\"name\":\"Sarhan for Marble & Granite | Egypt's Leading Exporter & Manufacturer of Marble and Granite Since 1996\",\"description\":\"\",\"publisher\":{\"@id\":\"https:\/\/sarhaneg.com\/#organization\"},\"potentialAction\":[{\"@type\":\"SearchAction\",\"target\":{\"@type\":\"EntryPoint\",\"urlTemplate\":\"https:\/\/sarhaneg.com\/?s={search_term_string}\"},\"query-input\":{\"@type\":\"PropertyValueSpecification\",\"valueRequired\":true,\"valueName\":\"search_term_string\"}}],\"inLanguage\":\"es\"},{\"@type\":\"Organization\",\"@id\":\"https:\/\/sarhaneg.com\/#organization\",\"name\":\"Sarhan for Marble & Granite\",\"url\":\"https:\/\/sarhaneg.com\/\",\"logo\":{\"@type\":\"ImageObject\",\"inLanguage\":\"es\",\"@id\":\"https:\/\/sarhaneg.com\/#\/schema\/logo\/image\/\",\"url\":\"https:\/\/sarhaneg.com\/wp-content\/uploads\/2024\/09\/Sarhan-Main-Logo-8.png\",\"contentUrl\":\"https:\/\/sarhaneg.com\/wp-content\/uploads\/2024\/09\/Sarhan-Main-Logo-8.png\",\"width\":1221,\"height\":301,\"caption\":\"Sarhan for Marble & Granite\"},\"image\":{\"@id\":\"https:\/\/sarhaneg.com\/#\/schema\/logo\/image\/\"},\"sameAs\":[\"https:\/\/www.facebook.com\/SarhanMarbleGranite\",\"https:\/\/www.linkedin.com\/company\/sarhan-for-marble-and-granote\/\",\"https:\/\/www.instagram.com\/sarhan_marble_and_granite\",\"https:\/\/www.youtube.com\/channel\/UCQDJLN8mhGLJbzoCDOgx9uw\/feed\"]}]}<\/script>\n<!-- \/ Yoast SEO plugin. -->","yoast_head_json":{"title":"Sunny Nour - Sarhan for Marble &amp; Granite | Egypt&#039;s Leading Manufacturer and Exporter of Egyptian Marble and Granite","robots":{"index":"index","follow":"follow","max-snippet":"max-snippet:-1","max-image-preview":"max-image-preview:large","max-video-preview":"max-video-preview:-1"},"canonical":"https:\/\/sarhaneg.com\/es\/catalogue\/marble\/sunny-nour\/","og_locale":"es_ES","og_type":"article","og_title":"Sunny Nour - Sarhan for Marble &amp; Granite | Egypt&#039;s Leading Manufacturer and Exporter of Egyptian Marble and Granite","og_description":"Sunny Nour marble features a warm cr\u00e8me colour with golden hues and delicate, wavy veins. It's perfect for luxurious flooring and wall cladding, and is popular in modern structures for decorative elements, countertops, and staircases. Outdoors, it enhances wall cladding and garden features, adding a touch of sophistication to any space.","og_url":"https:\/\/sarhaneg.com\/es\/catalogue\/marble\/sunny-nour\/","og_site_name":"Sarhan for Marble &amp; Granite | Egypt&#039;s Leading Manufacturer and Exporter of Egyptian Marble and Granite","article_publisher":"https:\/\/www.facebook.com\/SarhanMarbleGranite","article_modified_time":"2024-10-23T14:56:38+00:00","og_image":[{"width":2000,"height":2000,"url":"https:\/\/sarhaneg.com\/wp-content\/uploads\/2024\/09\/SunnyNour-Polished-1.jpg","type":"image\/jpeg"}],"twitter_card":"summary_large_image","schema":{"@context":"https:\/\/schema.org","@graph":[{"@type":"WebPage","@id":"https:\/\/sarhaneg.com\/catalogue\/marble\/sunny-nour\/","url":"https:\/\/sarhaneg.com\/catalogue\/marble\/sunny-nour\/","name":"Sunny Nour - Sarhan for Marble &amp; Granite | Egypt&#039;s Leading Manufacturer and Exporter of Egyptian Marble and Granite","isPartOf":{"@id":"https:\/\/sarhaneg.com\/#website"},"primaryImageOfPage":{"@id":"https:\/\/sarhaneg.com\/catalogue\/marble\/sunny-nour\/#primaryimage"},"image":{"@id":"https:\/\/sarhaneg.com\/catalogue\/marble\/sunny-nour\/#primaryimage"},"thumbnailUrl":"https:\/\/sarhaneg.com\/wp-content\/uploads\/2024\/09\/SunnyNour-Polished-1.jpg","datePublished":"2024-09-08T15:07:48+00:00","dateModified":"2024-10-23T14:56:38+00:00","breadcrumb":{"@id":"https:\/\/sarhaneg.com\/catalogue\/marble\/sunny-nour\/#breadcrumb"},"inLanguage":"es","potentialAction":[{"@type":"ReadAction","target":["https:\/\/sarhaneg.com\/catalogue\/marble\/sunny-nour\/"]}]},{"@type":"ImageObject","inLanguage":"es","@id":"https:\/\/sarhaneg.com\/catalogue\/marble\/sunny-nour\/#primaryimage","url":"https:\/\/sarhaneg.com\/wp-content\/uploads\/2024\/09\/SunnyNour-Polished-1.jpg","contentUrl":"https:\/\/sarhaneg.com\/wp-content\/uploads\/2024\/09\/SunnyNour-Polished-1.jpg","width":2000,"height":2000},{"@type":"BreadcrumbList","@id":"https:\/\/sarhaneg.com\/catalogue\/marble\/sunny-nour\/#breadcrumb","itemListElement":[{"@type":"ListItem","position":1,"name":"Home","item":"https:\/\/sarhaneg.com\/"},{"@type":"ListItem","position":2,"name":"Catalogue","item":"https:\/\/sarhaneg.com\/catalogue\/"},{"@type":"ListItem","position":3,"name":"Sunny Nour"}]},{"@type":"WebSite","@id":"https:\/\/sarhaneg.com\/#website","url":"https:\/\/sarhaneg.com\/","name":"Sarhan for Marble & Granite | Egypt's Leading Exporter & Manufacturer of Marble and Granite Since 1996","description":"","publisher":{"@id":"https:\/\/sarhaneg.com\/#organization"},"potentialAction":[{"@type":"SearchAction","target":{"@type":"EntryPoint","urlTemplate":"https:\/\/sarhaneg.com\/?s={search_term_string}"},"query-input":{"@type":"PropertyValueSpecification","valueRequired":true,"valueName":"search_term_string"}}],"inLanguage":"es"},{"@type":"Organization","@id":"https:\/\/sarhaneg.com\/#organization","name":"Sarhan for Marble & Granite","url":"https:\/\/sarhaneg.com\/","logo":{"@type":"ImageObject","inLanguage":"es","@id":"https:\/\/sarhaneg.com\/#\/schema\/logo\/image\/","url":"https:\/\/sarhaneg.com\/wp-content\/uploads\/2024\/09\/Sarhan-Main-Logo-8.png","contentUrl":"https:\/\/sarhaneg.com\/wp-content\/uploads\/2024\/09\/Sarhan-Main-Logo-8.png","width":1221,"height":301,"caption":"Sarhan for Marble & Granite"},"image":{"@id":"https:\/\/sarhaneg.com\/#\/schema\/logo\/image\/"},"sameAs":["https:\/\/www.facebook.com\/SarhanMarbleGranite","https:\/\/www.linkedin.com\/company\/sarhan-for-marble-and-granote\/","https:\/\/www.instagram.com\/sarhan_marble_and_granite","https:\/\/www.youtube.com\/channel\/UCQDJLN8mhGLJbzoCDOgx9uw\/feed"]}]}},"_links":{"self":[{"href":"https:\/\/sarhaneg.com\/es\/wp-json\/wp\/v2\/product\/5926","targetHints":{"allow":["GET"]}}],"collection":[{"href":"https:\/\/sarhaneg.com\/es\/wp-json\/wp\/v2\/product"}],"about":[{"href":"https:\/\/sarhaneg.com\/es\/wp-json\/wp\/v2\/types\/product"}],"replies":[{"embeddable":true,"href":"https:\/\/sarhaneg.com\/es\/wp-json\/wp\/v2\/comments?post=5926"}],"version-history":[{"count":4,"href":"https:\/\/sarhaneg.com\/es\/wp-json\/wp\/v2\/product\/5926\/revisions"}],"predecessor-version":[{"id":6364,"href":"https:\/\/sarhaneg.com\/es\/wp-json\/wp\/v2\/product\/5926\/revisions\/6364"}],"wp:featuredmedia":[{"embeddable":true,"href":"https:\/\/sarhaneg.com\/es\/wp-json\/wp\/v2\/media\/6218"}],"wp:attachment":[{"href":"https:\/\/sarhaneg.com\/es\/wp-json\/wp\/v2\/media?parent=5926"}],"wp:term":[{"taxonomy":"product_brand","embeddable":true,"href":"https:\/\/sarhaneg.com\/es\/wp-json\/wp\/v2\/product_brand?post=5926"},{"taxonomy":"product_cat","embeddable":true,"href":"https:\/\/sarhaneg.com\/es\/wp-json\/wp\/v2\/product_cat?post=5926"},{"taxonomy":"product_tag","embeddable":true,"href":"https:\/\/sarhaneg.com\/es\/wp-json\/wp\/v2\/product_tag?post=5926"}],"curies":[{"name":"wp","href":"https:\/\/api.w.org\/{rel}","templated":true}]}}