{"id":6032,"date":"2024-09-09T11:43:16","date_gmt":"2024-09-09T09:43:16","guid":{"rendered":"https:\/\/sarhaneg.com\/?post_type=product&#038;p=6032"},"modified":"2024-11-04T12:35:05","modified_gmt":"2024-11-04T10:35:05","slug":"black-aswan-2","status":"publish","type":"product","link":"https:\/\/sarhaneg.com\/es\/catalogue\/granite\/black-aswan-2\/","title":{"rendered":"Black Aswan"},"content":{"rendered":"","protected":false},"excerpt":{"rendered":"<p><span style=\"font-weight: 400;\">El granito Black Aswan, conocido por su profundo color negro con ocasionales manchas blancas y rosadas, es celebrado por su elegancia y durabilidad. En interiores, se utiliza a menudo para encimeras, suelos, revestimientos de paredes y tocadores de ba\u00f1o. En exteriores, es ideal para pavimentaci\u00f3n, revestimiento exterior y diversos elementos arquitect\u00f3nicos.<\/span><\/p>","protected":false},"featured_media":6119,"comment_status":"open","ping_status":"closed","template":"","meta":{"_acf_changed":false},"product_brand":[],"product_cat":[99],"product_tag":[],"class_list":{"0":"post-6032","1":"product","2":"type-product","3":"status-publish","4":"has-post-thumbnail","6":"product_cat-granite","8":"first","9":"instock","10":"shipping-taxable","11":"purchasable","12":"product-type-variable"},"acf":[],"yoast_head":"<!-- This site is optimized with the Yoast SEO plugin v25.5 - https:\/\/yoast.com\/wordpress\/plugins\/seo\/ -->\n<title>Black Aswan - Sarhan for Marble &amp; Granite | Egypt&#039;s Leading Manufacturer and Exporter of Egyptian Marble and Granite<\/title>\n<meta name=\"robots\" content=\"index, follow, max-snippet:-1, max-image-preview:large, max-video-preview:-1\" \/>\n<link rel=\"canonical\" href=\"https:\/\/sarhaneg.com\/es\/catalogue\/granite\/black-aswan-2\/\" \/>\n<meta property=\"og:locale\" content=\"es_ES\" \/>\n<meta property=\"og:type\" content=\"article\" \/>\n<meta property=\"og:title\" content=\"Black Aswan - Sarhan for Marble &amp; Granite | Egypt&#039;s Leading Manufacturer and Exporter of Egyptian Marble and Granite\" \/>\n<meta property=\"og:description\" content=\"Black Aswan Granite, known for its deep black colour with occasional white and pinkish spots, is celebrated for its elegance and durability. Indoors, it is often used for countertops, flooring, wall cladding, and bathroom vanities. Outdoors, it is ideal for paving, exterior cladding, and various architectural elements.\" \/>\n<meta property=\"og:url\" content=\"https:\/\/sarhaneg.com\/es\/catalogue\/granite\/black-aswan-2\/\" \/>\n<meta property=\"og:site_name\" content=\"Sarhan for Marble &amp; Granite | Egypt&#039;s Leading Manufacturer and Exporter of Egyptian Marble and Granite\" \/>\n<meta property=\"article:publisher\" content=\"https:\/\/www.facebook.com\/SarhanMarbleGranite\" \/>\n<meta property=\"article:modified_time\" content=\"2024-11-04T10:35:05+00:00\" \/>\n<meta property=\"og:image\" content=\"https:\/\/sarhaneg.com\/wp-content\/uploads\/2024\/09\/GranetGroup2-BlackAswan.jpg\" \/>\n\t<meta property=\"og:image:width\" content=\"1200\" \/>\n\t<meta property=\"og:image:height\" content=\"1200\" \/>\n\t<meta property=\"og:image:type\" content=\"image\/jpeg\" \/>\n<meta name=\"twitter:card\" content=\"summary_large_image\" \/>\n<script type=\"application\/ld+json\" class=\"yoast-schema-graph\">{\"@context\":\"https:\/\/schema.org\",\"@graph\":[{\"@type\":\"WebPage\",\"@id\":\"https:\/\/sarhaneg.com\/catalogue\/granite\/black-aswan-2\/\",\"url\":\"https:\/\/sarhaneg.com\/catalogue\/granite\/black-aswan-2\/\",\"name\":\"Black Aswan - Sarhan for Marble &amp; Granite | Egypt&#039;s Leading Manufacturer and Exporter of Egyptian Marble and Granite\",\"isPartOf\":{\"@id\":\"https:\/\/sarhaneg.com\/#website\"},\"primaryImageOfPage\":{\"@id\":\"https:\/\/sarhaneg.com\/catalogue\/granite\/black-aswan-2\/#primaryimage\"},\"image\":{\"@id\":\"https:\/\/sarhaneg.com\/catalogue\/granite\/black-aswan-2\/#primaryimage\"},\"thumbnailUrl\":\"https:\/\/sarhaneg.com\/wp-content\/uploads\/2024\/09\/GranetGroup2-BlackAswan.jpg\",\"datePublished\":\"2024-09-09T09:43:16+00:00\",\"dateModified\":\"2024-11-04T10:35:05+00:00\",\"breadcrumb\":{\"@id\":\"https:\/\/sarhaneg.com\/catalogue\/granite\/black-aswan-2\/#breadcrumb\"},\"inLanguage\":\"es\",\"potentialAction\":[{\"@type\":\"ReadAction\",\"target\":[\"https:\/\/sarhaneg.com\/catalogue\/granite\/black-aswan-2\/\"]}]},{\"@type\":\"ImageObject\",\"inLanguage\":\"es\",\"@id\":\"https:\/\/sarhaneg.com\/catalogue\/granite\/black-aswan-2\/#primaryimage\",\"url\":\"https:\/\/sarhaneg.com\/wp-content\/uploads\/2024\/09\/GranetGroup2-BlackAswan.jpg\",\"contentUrl\":\"https:\/\/sarhaneg.com\/wp-content\/uploads\/2024\/09\/GranetGroup2-BlackAswan.jpg\",\"width\":1200,\"height\":1200},{\"@type\":\"BreadcrumbList\",\"@id\":\"https:\/\/sarhaneg.com\/catalogue\/granite\/black-aswan-2\/#breadcrumb\",\"itemListElement\":[{\"@type\":\"ListItem\",\"position\":1,\"name\":\"Home\",\"item\":\"https:\/\/sarhaneg.com\/\"},{\"@type\":\"ListItem\",\"position\":2,\"name\":\"Catalogue\",\"item\":\"https:\/\/sarhaneg.com\/catalogue\/\"},{\"@type\":\"ListItem\",\"position\":3,\"name\":\"Black Aswan\"}]},{\"@type\":\"WebSite\",\"@id\":\"https:\/\/sarhaneg.com\/#website\",\"url\":\"https:\/\/sarhaneg.com\/\",\"name\":\"Sarhan for Marble & Granite | Egypt's Leading Exporter & Manufacturer of Marble and Granite Since 1996\",\"description\":\"\",\"publisher\":{\"@id\":\"https:\/\/sarhaneg.com\/#organization\"},\"potentialAction\":[{\"@type\":\"SearchAction\",\"target\":{\"@type\":\"EntryPoint\",\"urlTemplate\":\"https:\/\/sarhaneg.com\/?s={search_term_string}\"},\"query-input\":{\"@type\":\"PropertyValueSpecification\",\"valueRequired\":true,\"valueName\":\"search_term_string\"}}],\"inLanguage\":\"es\"},{\"@type\":\"Organization\",\"@id\":\"https:\/\/sarhaneg.com\/#organization\",\"name\":\"Sarhan for Marble & Granite\",\"url\":\"https:\/\/sarhaneg.com\/\",\"logo\":{\"@type\":\"ImageObject\",\"inLanguage\":\"es\",\"@id\":\"https:\/\/sarhaneg.com\/#\/schema\/logo\/image\/\",\"url\":\"https:\/\/sarhaneg.com\/wp-content\/uploads\/2024\/09\/Sarhan-Main-Logo-8.png\",\"contentUrl\":\"https:\/\/sarhaneg.com\/wp-content\/uploads\/2024\/09\/Sarhan-Main-Logo-8.png\",\"width\":1221,\"height\":301,\"caption\":\"Sarhan for Marble & Granite\"},\"image\":{\"@id\":\"https:\/\/sarhaneg.com\/#\/schema\/logo\/image\/\"},\"sameAs\":[\"https:\/\/www.facebook.com\/SarhanMarbleGranite\",\"https:\/\/www.linkedin.com\/company\/sarhan-for-marble-and-granote\/\",\"https:\/\/www.instagram.com\/sarhan_marble_and_granite\",\"https:\/\/www.youtube.com\/channel\/UCQDJLN8mhGLJbzoCDOgx9uw\/feed\"]}]}<\/script>\n<!-- \/ Yoast SEO plugin. -->","yoast_head_json":{"title":"Black Aswan - Sarhan for Marble &amp; Granite | Egypt&#039;s Leading Manufacturer and Exporter of Egyptian Marble and Granite","robots":{"index":"index","follow":"follow","max-snippet":"max-snippet:-1","max-image-preview":"max-image-preview:large","max-video-preview":"max-video-preview:-1"},"canonical":"https:\/\/sarhaneg.com\/es\/catalogue\/granite\/black-aswan-2\/","og_locale":"es_ES","og_type":"article","og_title":"Black Aswan - Sarhan for Marble &amp; Granite | Egypt&#039;s Leading Manufacturer and Exporter of Egyptian Marble and Granite","og_description":"Black Aswan Granite, known for its deep black colour with occasional white and pinkish spots, is celebrated for its elegance and durability. Indoors, it is often used for countertops, flooring, wall cladding, and bathroom vanities. Outdoors, it is ideal for paving, exterior cladding, and various architectural elements.","og_url":"https:\/\/sarhaneg.com\/es\/catalogue\/granite\/black-aswan-2\/","og_site_name":"Sarhan for Marble &amp; Granite | Egypt&#039;s Leading Manufacturer and Exporter of Egyptian Marble and Granite","article_publisher":"https:\/\/www.facebook.com\/SarhanMarbleGranite","article_modified_time":"2024-11-04T10:35:05+00:00","og_image":[{"width":1200,"height":1200,"url":"https:\/\/sarhaneg.com\/wp-content\/uploads\/2024\/09\/GranetGroup2-BlackAswan.jpg","type":"image\/jpeg"}],"twitter_card":"summary_large_image","schema":{"@context":"https:\/\/schema.org","@graph":[{"@type":"WebPage","@id":"https:\/\/sarhaneg.com\/catalogue\/granite\/black-aswan-2\/","url":"https:\/\/sarhaneg.com\/catalogue\/granite\/black-aswan-2\/","name":"Black Aswan - Sarhan for Marble &amp; Granite | Egypt&#039;s Leading Manufacturer and Exporter of Egyptian Marble and Granite","isPartOf":{"@id":"https:\/\/sarhaneg.com\/#website"},"primaryImageOfPage":{"@id":"https:\/\/sarhaneg.com\/catalogue\/granite\/black-aswan-2\/#primaryimage"},"image":{"@id":"https:\/\/sarhaneg.com\/catalogue\/granite\/black-aswan-2\/#primaryimage"},"thumbnailUrl":"https:\/\/sarhaneg.com\/wp-content\/uploads\/2024\/09\/GranetGroup2-BlackAswan.jpg","datePublished":"2024-09-09T09:43:16+00:00","dateModified":"2024-11-04T10:35:05+00:00","breadcrumb":{"@id":"https:\/\/sarhaneg.com\/catalogue\/granite\/black-aswan-2\/#breadcrumb"},"inLanguage":"es","potentialAction":[{"@type":"ReadAction","target":["https:\/\/sarhaneg.com\/catalogue\/granite\/black-aswan-2\/"]}]},{"@type":"ImageObject","inLanguage":"es","@id":"https:\/\/sarhaneg.com\/catalogue\/granite\/black-aswan-2\/#primaryimage","url":"https:\/\/sarhaneg.com\/wp-content\/uploads\/2024\/09\/GranetGroup2-BlackAswan.jpg","contentUrl":"https:\/\/sarhaneg.com\/wp-content\/uploads\/2024\/09\/GranetGroup2-BlackAswan.jpg","width":1200,"height":1200},{"@type":"BreadcrumbList","@id":"https:\/\/sarhaneg.com\/catalogue\/granite\/black-aswan-2\/#breadcrumb","itemListElement":[{"@type":"ListItem","position":1,"name":"Home","item":"https:\/\/sarhaneg.com\/"},{"@type":"ListItem","position":2,"name":"Catalogue","item":"https:\/\/sarhaneg.com\/catalogue\/"},{"@type":"ListItem","position":3,"name":"Black Aswan"}]},{"@type":"WebSite","@id":"https:\/\/sarhaneg.com\/#website","url":"https:\/\/sarhaneg.com\/","name":"Sarhan for Marble & Granite | Egypt's Leading Exporter & Manufacturer of Marble and Granite Since 1996","description":"","publisher":{"@id":"https:\/\/sarhaneg.com\/#organization"},"potentialAction":[{"@type":"SearchAction","target":{"@type":"EntryPoint","urlTemplate":"https:\/\/sarhaneg.com\/?s={search_term_string}"},"query-input":{"@type":"PropertyValueSpecification","valueRequired":true,"valueName":"search_term_string"}}],"inLanguage":"es"},{"@type":"Organization","@id":"https:\/\/sarhaneg.com\/#organization","name":"Sarhan for Marble & Granite","url":"https:\/\/sarhaneg.com\/","logo":{"@type":"ImageObject","inLanguage":"es","@id":"https:\/\/sarhaneg.com\/#\/schema\/logo\/image\/","url":"https:\/\/sarhaneg.com\/wp-content\/uploads\/2024\/09\/Sarhan-Main-Logo-8.png","contentUrl":"https:\/\/sarhaneg.com\/wp-content\/uploads\/2024\/09\/Sarhan-Main-Logo-8.png","width":1221,"height":301,"caption":"Sarhan for Marble & Granite"},"image":{"@id":"https:\/\/sarhaneg.com\/#\/schema\/logo\/image\/"},"sameAs":["https:\/\/www.facebook.com\/SarhanMarbleGranite","https:\/\/www.linkedin.com\/company\/sarhan-for-marble-and-granote\/","https:\/\/www.instagram.com\/sarhan_marble_and_granite","https:\/\/www.youtube.com\/channel\/UCQDJLN8mhGLJbzoCDOgx9uw\/feed"]}]}},"_links":{"self":[{"href":"https:\/\/sarhaneg.com\/es\/wp-json\/wp\/v2\/product\/6032","targetHints":{"allow":["GET"]}}],"collection":[{"href":"https:\/\/sarhaneg.com\/es\/wp-json\/wp\/v2\/product"}],"about":[{"href":"https:\/\/sarhaneg.com\/es\/wp-json\/wp\/v2\/types\/product"}],"replies":[{"embeddable":true,"href":"https:\/\/sarhaneg.com\/es\/wp-json\/wp\/v2\/comments?post=6032"}],"version-history":[{"count":1,"href":"https:\/\/sarhaneg.com\/es\/wp-json\/wp\/v2\/product\/6032\/revisions"}],"predecessor-version":[{"id":6033,"href":"https:\/\/sarhaneg.com\/es\/wp-json\/wp\/v2\/product\/6032\/revisions\/6033"}],"wp:featuredmedia":[{"embeddable":true,"href":"https:\/\/sarhaneg.com\/es\/wp-json\/wp\/v2\/media\/6119"}],"wp:attachment":[{"href":"https:\/\/sarhaneg.com\/es\/wp-json\/wp\/v2\/media?parent=6032"}],"wp:term":[{"taxonomy":"product_brand","embeddable":true,"href":"https:\/\/sarhaneg.com\/es\/wp-json\/wp\/v2\/product_brand?post=6032"},{"taxonomy":"product_cat","embeddable":true,"href":"https:\/\/sarhaneg.com\/es\/wp-json\/wp\/v2\/product_cat?post=6032"},{"taxonomy":"product_tag","embeddable":true,"href":"https:\/\/sarhaneg.com\/es\/wp-json\/wp\/v2\/product_tag?post=6032"}],"curies":[{"name":"wp","href":"https:\/\/api.w.org\/{rel}","templated":true}]}}