{"id":5930,"date":"2024-09-08T17:09:12","date_gmt":"2024-09-08T15:09:12","guid":{"rendered":"https:\/\/sarhaneg.com\/?post_type=product&#038;p=5930"},"modified":"2024-10-31T09:31:36","modified_gmt":"2024-10-31T07:31:36","slug":"silvia-nour","status":"publish","type":"product","link":"https:\/\/sarhaneg.com\/fr\/catalogue\/marble\/silvia-nour\/","title":{"rendered":"Silvia Nour"},"content":{"rendered":"","protected":false},"excerpt":{"rendered":"<p><span style=\"font-weight: 400;\">Le marbre Silvia Nour, une pierre beige clair avec des veines longitudinales ondul\u00e9es plus fonc\u00e9es, est connu pour ses changements de couleur captivants lorsqu'il est frapp\u00e9 par la lumi\u00e8re du soleil. Il est utilis\u00e9 pour les rev\u00eatements de sol, le bardage mural, les plans de travail et les escaliers. \u00c0 l'ext\u00e9rieur, il embellit le bardage mural et les \u00e9l\u00e9ments de jardin, alliant beaut\u00e9 naturelle et praticit\u00e9.<\/span><\/p>","protected":false},"featured_media":9635,"comment_status":"open","ping_status":"closed","template":"","meta":{"_acf_changed":false},"product_brand":[],"product_cat":[98],"product_tag":[123,129,124,130],"class_list":{"0":"post-5930","1":"product","2":"type-product","3":"status-publish","4":"has-post-thumbnail","6":"product_cat-marble","7":"product_tag-brushed","8":"product_tag-bush-hammar","9":"product_tag-polished","10":"product_tag-tumble","12":"first","13":"instock","14":"shipping-taxable","15":"purchasable","16":"product-type-variable"},"acf":[],"yoast_head":"<!-- This site is optimized with the Yoast SEO plugin v25.5 - https:\/\/yoast.com\/wordpress\/plugins\/seo\/ -->\n<title>Silvia Nour - Sarhan for Marble &amp; Granite | Egypt&#039;s Leading Manufacturer and Exporter of Egyptian Marble and Granite<\/title>\n<meta name=\"robots\" content=\"index, follow, max-snippet:-1, max-image-preview:large, max-video-preview:-1\" \/>\n<link rel=\"canonical\" href=\"https:\/\/sarhaneg.com\/fr\/catalogue\/marble\/silvia-nour\/\" \/>\n<meta property=\"og:locale\" content=\"fr_FR\" \/>\n<meta property=\"og:type\" content=\"article\" \/>\n<meta property=\"og:title\" content=\"Silvia Nour - Sarhan for Marble &amp; Granite | Egypt&#039;s Leading Manufacturer and Exporter of Egyptian Marble and Granite\" \/>\n<meta property=\"og:description\" content=\"Silvia Nour marble, a light beige stone with wavy darker veins, is known for its captivating color changes when sunlight hits it. It holds historical significance in Egypt and is used for flooring, wall cladding, countertops, and staircases. Outdoors, it enhances wall cladding and garden features, blending natural beauty and practicality.\" \/>\n<meta property=\"og:url\" content=\"https:\/\/sarhaneg.com\/fr\/catalogue\/marble\/silvia-nour\/\" \/>\n<meta property=\"og:site_name\" content=\"Sarhan for Marble &amp; Granite | Egypt&#039;s Leading Manufacturer and Exporter of Egyptian Marble and Granite\" \/>\n<meta property=\"article:publisher\" content=\"https:\/\/www.facebook.com\/SarhanMarbleGranite\" \/>\n<meta property=\"article:modified_time\" content=\"2024-10-31T07:31:36+00:00\" \/>\n<meta property=\"og:image\" content=\"https:\/\/sarhaneg.com\/wp-content\/uploads\/2024\/09\/Silvia-Polished-1-1.jpg\" \/>\n\t<meta property=\"og:image:width\" content=\"2000\" \/>\n\t<meta property=\"og:image:height\" content=\"2000\" \/>\n\t<meta property=\"og:image:type\" content=\"image\/jpeg\" \/>\n<meta name=\"twitter:card\" content=\"summary_large_image\" \/>\n<script type=\"application\/ld+json\" class=\"yoast-schema-graph\">{\"@context\":\"https:\/\/schema.org\",\"@graph\":[{\"@type\":\"WebPage\",\"@id\":\"https:\/\/sarhaneg.com\/es\/catalogue\/marble\/silvia-nour\/\",\"url\":\"https:\/\/sarhaneg.com\/es\/catalogue\/marble\/silvia-nour\/\",\"name\":\"Silvia Nour - Sarhan for Marble &amp; Granite | Egypt&#039;s Leading Manufacturer and Exporter of Egyptian Marble and Granite\",\"isPartOf\":{\"@id\":\"https:\/\/sarhaneg.com\/#website\"},\"primaryImageOfPage\":{\"@id\":\"https:\/\/sarhaneg.com\/es\/catalogue\/marble\/silvia-nour\/#primaryimage\"},\"image\":{\"@id\":\"https:\/\/sarhaneg.com\/es\/catalogue\/marble\/silvia-nour\/#primaryimage\"},\"thumbnailUrl\":\"https:\/\/sarhaneg.com\/wp-content\/uploads\/2024\/09\/Silvia-Polished-1-1.jpg\",\"datePublished\":\"2024-09-08T15:09:12+00:00\",\"dateModified\":\"2024-10-31T07:31:36+00:00\",\"breadcrumb\":{\"@id\":\"https:\/\/sarhaneg.com\/es\/catalogue\/marble\/silvia-nour\/#breadcrumb\"},\"inLanguage\":\"fr-FR\",\"potentialAction\":[{\"@type\":\"ReadAction\",\"target\":[\"https:\/\/sarhaneg.com\/es\/catalogue\/marble\/silvia-nour\/\"]}]},{\"@type\":\"ImageObject\",\"inLanguage\":\"fr-FR\",\"@id\":\"https:\/\/sarhaneg.com\/es\/catalogue\/marble\/silvia-nour\/#primaryimage\",\"url\":\"https:\/\/sarhaneg.com\/wp-content\/uploads\/2024\/09\/Silvia-Polished-1-1.jpg\",\"contentUrl\":\"https:\/\/sarhaneg.com\/wp-content\/uploads\/2024\/09\/Silvia-Polished-1-1.jpg\",\"width\":2000,\"height\":2000},{\"@type\":\"BreadcrumbList\",\"@id\":\"https:\/\/sarhaneg.com\/es\/catalogue\/marble\/silvia-nour\/#breadcrumb\",\"itemListElement\":[{\"@type\":\"ListItem\",\"position\":1,\"name\":\"Home\",\"item\":\"https:\/\/sarhaneg.com\/\"},{\"@type\":\"ListItem\",\"position\":2,\"name\":\"Catalogue\",\"item\":\"https:\/\/sarhaneg.com\/catalogue\/\"},{\"@type\":\"ListItem\",\"position\":3,\"name\":\"Silvia Nour\"}]},{\"@type\":\"WebSite\",\"@id\":\"https:\/\/sarhaneg.com\/#website\",\"url\":\"https:\/\/sarhaneg.com\/\",\"name\":\"Sarhan for Marble & Granite | Egypt's Leading Exporter & Manufacturer of Marble and Granite Since 1996\",\"description\":\"\",\"publisher\":{\"@id\":\"https:\/\/sarhaneg.com\/#organization\"},\"potentialAction\":[{\"@type\":\"SearchAction\",\"target\":{\"@type\":\"EntryPoint\",\"urlTemplate\":\"https:\/\/sarhaneg.com\/?s={search_term_string}\"},\"query-input\":{\"@type\":\"PropertyValueSpecification\",\"valueRequired\":true,\"valueName\":\"search_term_string\"}}],\"inLanguage\":\"fr-FR\"},{\"@type\":\"Organization\",\"@id\":\"https:\/\/sarhaneg.com\/#organization\",\"name\":\"Sarhan for Marble & Granite\",\"url\":\"https:\/\/sarhaneg.com\/\",\"logo\":{\"@type\":\"ImageObject\",\"inLanguage\":\"fr-FR\",\"@id\":\"https:\/\/sarhaneg.com\/#\/schema\/logo\/image\/\",\"url\":\"https:\/\/sarhaneg.com\/wp-content\/uploads\/2024\/09\/Sarhan-Main-Logo-8.png\",\"contentUrl\":\"https:\/\/sarhaneg.com\/wp-content\/uploads\/2024\/09\/Sarhan-Main-Logo-8.png\",\"width\":1221,\"height\":301,\"caption\":\"Sarhan for Marble & Granite\"},\"image\":{\"@id\":\"https:\/\/sarhaneg.com\/#\/schema\/logo\/image\/\"},\"sameAs\":[\"https:\/\/www.facebook.com\/SarhanMarbleGranite\",\"https:\/\/www.linkedin.com\/company\/sarhan-for-marble-and-granote\/\",\"https:\/\/www.instagram.com\/sarhan_marble_and_granite\",\"https:\/\/www.youtube.com\/channel\/UCQDJLN8mhGLJbzoCDOgx9uw\/feed\"]}]}<\/script>\n<!-- \/ Yoast SEO plugin. -->","yoast_head_json":{"title":"Silvia Nour - Sarhan for Marble &amp; Granite | Egypt&#039;s Leading Manufacturer and Exporter of Egyptian Marble and Granite","robots":{"index":"index","follow":"follow","max-snippet":"max-snippet:-1","max-image-preview":"max-image-preview:large","max-video-preview":"max-video-preview:-1"},"canonical":"https:\/\/sarhaneg.com\/fr\/catalogue\/marble\/silvia-nour\/","og_locale":"fr_FR","og_type":"article","og_title":"Silvia Nour - Sarhan for Marble &amp; Granite | Egypt&#039;s Leading Manufacturer and Exporter of Egyptian Marble and Granite","og_description":"Silvia Nour marble, a light beige stone with wavy darker veins, is known for its captivating color changes when sunlight hits it. It holds historical significance in Egypt and is used for flooring, wall cladding, countertops, and staircases. Outdoors, it enhances wall cladding and garden features, blending natural beauty and practicality.","og_url":"https:\/\/sarhaneg.com\/fr\/catalogue\/marble\/silvia-nour\/","og_site_name":"Sarhan for Marble &amp; Granite | Egypt&#039;s Leading Manufacturer and Exporter of Egyptian Marble and Granite","article_publisher":"https:\/\/www.facebook.com\/SarhanMarbleGranite","article_modified_time":"2024-10-31T07:31:36+00:00","og_image":[{"width":2000,"height":2000,"url":"https:\/\/sarhaneg.com\/wp-content\/uploads\/2024\/09\/Silvia-Polished-1-1.jpg","type":"image\/jpeg"}],"twitter_card":"summary_large_image","schema":{"@context":"https:\/\/schema.org","@graph":[{"@type":"WebPage","@id":"https:\/\/sarhaneg.com\/es\/catalogue\/marble\/silvia-nour\/","url":"https:\/\/sarhaneg.com\/es\/catalogue\/marble\/silvia-nour\/","name":"Silvia Nour - Sarhan for Marble &amp; Granite | Egypt&#039;s Leading Manufacturer and Exporter of Egyptian Marble and Granite","isPartOf":{"@id":"https:\/\/sarhaneg.com\/#website"},"primaryImageOfPage":{"@id":"https:\/\/sarhaneg.com\/es\/catalogue\/marble\/silvia-nour\/#primaryimage"},"image":{"@id":"https:\/\/sarhaneg.com\/es\/catalogue\/marble\/silvia-nour\/#primaryimage"},"thumbnailUrl":"https:\/\/sarhaneg.com\/wp-content\/uploads\/2024\/09\/Silvia-Polished-1-1.jpg","datePublished":"2024-09-08T15:09:12+00:00","dateModified":"2024-10-31T07:31:36+00:00","breadcrumb":{"@id":"https:\/\/sarhaneg.com\/es\/catalogue\/marble\/silvia-nour\/#breadcrumb"},"inLanguage":"fr-FR","potentialAction":[{"@type":"ReadAction","target":["https:\/\/sarhaneg.com\/es\/catalogue\/marble\/silvia-nour\/"]}]},{"@type":"ImageObject","inLanguage":"fr-FR","@id":"https:\/\/sarhaneg.com\/es\/catalogue\/marble\/silvia-nour\/#primaryimage","url":"https:\/\/sarhaneg.com\/wp-content\/uploads\/2024\/09\/Silvia-Polished-1-1.jpg","contentUrl":"https:\/\/sarhaneg.com\/wp-content\/uploads\/2024\/09\/Silvia-Polished-1-1.jpg","width":2000,"height":2000},{"@type":"BreadcrumbList","@id":"https:\/\/sarhaneg.com\/es\/catalogue\/marble\/silvia-nour\/#breadcrumb","itemListElement":[{"@type":"ListItem","position":1,"name":"Home","item":"https:\/\/sarhaneg.com\/"},{"@type":"ListItem","position":2,"name":"Catalogue","item":"https:\/\/sarhaneg.com\/catalogue\/"},{"@type":"ListItem","position":3,"name":"Silvia Nour"}]},{"@type":"WebSite","@id":"https:\/\/sarhaneg.com\/#website","url":"https:\/\/sarhaneg.com\/","name":"Sarhan for Marble & Granite | Egypt's Leading Exporter & Manufacturer of Marble and Granite Since 1996","description":"","publisher":{"@id":"https:\/\/sarhaneg.com\/#organization"},"potentialAction":[{"@type":"SearchAction","target":{"@type":"EntryPoint","urlTemplate":"https:\/\/sarhaneg.com\/?s={search_term_string}"},"query-input":{"@type":"PropertyValueSpecification","valueRequired":true,"valueName":"search_term_string"}}],"inLanguage":"fr-FR"},{"@type":"Organization","@id":"https:\/\/sarhaneg.com\/#organization","name":"Sarhan for Marble & Granite","url":"https:\/\/sarhaneg.com\/","logo":{"@type":"ImageObject","inLanguage":"fr-FR","@id":"https:\/\/sarhaneg.com\/#\/schema\/logo\/image\/","url":"https:\/\/sarhaneg.com\/wp-content\/uploads\/2024\/09\/Sarhan-Main-Logo-8.png","contentUrl":"https:\/\/sarhaneg.com\/wp-content\/uploads\/2024\/09\/Sarhan-Main-Logo-8.png","width":1221,"height":301,"caption":"Sarhan for Marble & Granite"},"image":{"@id":"https:\/\/sarhaneg.com\/#\/schema\/logo\/image\/"},"sameAs":["https:\/\/www.facebook.com\/SarhanMarbleGranite","https:\/\/www.linkedin.com\/company\/sarhan-for-marble-and-granote\/","https:\/\/www.instagram.com\/sarhan_marble_and_granite","https:\/\/www.youtube.com\/channel\/UCQDJLN8mhGLJbzoCDOgx9uw\/feed"]}]}},"_links":{"self":[{"href":"https:\/\/sarhaneg.com\/fr\/wp-json\/wp\/v2\/product\/5930","targetHints":{"allow":["GET"]}}],"collection":[{"href":"https:\/\/sarhaneg.com\/fr\/wp-json\/wp\/v2\/product"}],"about":[{"href":"https:\/\/sarhaneg.com\/fr\/wp-json\/wp\/v2\/types\/product"}],"replies":[{"embeddable":true,"href":"https:\/\/sarhaneg.com\/fr\/wp-json\/wp\/v2\/comments?post=5930"}],"version-history":[{"count":7,"href":"https:\/\/sarhaneg.com\/fr\/wp-json\/wp\/v2\/product\/5930\/revisions"}],"predecessor-version":[{"id":9330,"href":"https:\/\/sarhaneg.com\/fr\/wp-json\/wp\/v2\/product\/5930\/revisions\/9330"}],"wp:featuredmedia":[{"embeddable":true,"href":"https:\/\/sarhaneg.com\/fr\/wp-json\/wp\/v2\/media\/9635"}],"wp:attachment":[{"href":"https:\/\/sarhaneg.com\/fr\/wp-json\/wp\/v2\/media?parent=5930"}],"wp:term":[{"taxonomy":"product_brand","embeddable":true,"href":"https:\/\/sarhaneg.com\/fr\/wp-json\/wp\/v2\/product_brand?post=5930"},{"taxonomy":"product_cat","embeddable":true,"href":"https:\/\/sarhaneg.com\/fr\/wp-json\/wp\/v2\/product_cat?post=5930"},{"taxonomy":"product_tag","embeddable":true,"href":"https:\/\/sarhaneg.com\/fr\/wp-json\/wp\/v2\/product_tag?post=5930"}],"curies":[{"name":"wp","href":"https:\/\/api.w.org\/{rel}","templated":true}]}}