{"id":6435,"date":"2024-09-12T14:14:00","date_gmt":"2024-09-12T12:14:00","guid":{"rendered":"https:\/\/sarhaneg.com\/?post_type=product&#038;p=6435"},"modified":"2024-11-04T12:45:46","modified_gmt":"2024-11-04T10:45:46","slug":"gazaldark","status":"publish","type":"product","link":"https:\/\/sarhaneg.com\/fr\/catalogue\/granite\/gazaldark\/","title":{"rendered":"Ghazal \/ Verdi \u2013 Fonc\u00e9"},"content":{"rendered":"","protected":false},"excerpt":{"rendered":"<p><span style=\"font-weight: 400;\">Le granit Ghazal, avec sa couleur gris-vert et ses speckles noirs et blancs, est connu pour son apparence unique et visuellement attrayante. \u00c0 l'int\u00e9rieur, il est utilis\u00e9 pour les plans de travail, les sols, les rev\u00eatements muraux et les escaliers. \u00c0 l'ext\u00e9rieur, il est parfait pour le pavage, le rev\u00eatement ext\u00e9rieur et l'am\u00e9nagement paysager.<\/span><\/p>","protected":false},"featured_media":6440,"comment_status":"open","ping_status":"closed","template":"","meta":{"_acf_changed":false},"product_brand":[],"product_cat":[99],"product_tag":[],"class_list":{"0":"post-6435","1":"product","2":"type-product","3":"status-publish","4":"has-post-thumbnail","6":"product_cat-granite","8":"first","9":"instock","10":"shipping-taxable","11":"purchasable","12":"product-type-variable"},"acf":[],"yoast_head":"<!-- This site is optimized with the Yoast SEO plugin v25.5 - https:\/\/yoast.com\/wordpress\/plugins\/seo\/ -->\n<title>Ghazal \/ Verdi - Dark - Sarhan for Marble &amp; Granite | Egypt&#039;s Leading Manufacturer and Exporter of Egyptian Marble and Granite<\/title>\n<meta name=\"robots\" content=\"index, follow, max-snippet:-1, max-image-preview:large, max-video-preview:-1\" \/>\n<link rel=\"canonical\" href=\"https:\/\/sarhaneg.com\/fr\/catalogue\/granite\/gazaldark\/\" \/>\n<meta property=\"og:locale\" content=\"fr_FR\" \/>\n<meta property=\"og:type\" content=\"article\" \/>\n<meta property=\"og:title\" content=\"Ghazal \/ Verdi - Dark - Sarhan for Marble &amp; Granite | Egypt&#039;s Leading Manufacturer and Exporter of Egyptian Marble and Granite\" \/>\n<meta property=\"og:description\" content=\"Ghazal Granite, with its greenish-grey color and black and white speckles, is known for its unique and visually appealing appearance. Indoors, it is used for countertops, flooring, wall cladding, and staircases. Outdoors, it is perfect for paving, exterior cladding, and landscaping.\" \/>\n<meta property=\"og:url\" content=\"https:\/\/sarhaneg.com\/fr\/catalogue\/granite\/gazaldark\/\" \/>\n<meta property=\"og:site_name\" content=\"Sarhan for Marble &amp; Granite | Egypt&#039;s Leading Manufacturer and Exporter of Egyptian Marble and Granite\" \/>\n<meta property=\"article:publisher\" content=\"https:\/\/www.facebook.com\/SarhanMarbleGranite\" \/>\n<meta property=\"article:modified_time\" content=\"2024-11-04T10:45:46+00:00\" \/>\n<meta property=\"og:image\" content=\"https:\/\/sarhaneg.com\/wp-content\/uploads\/2024\/09\/GranetGroup1-GazalDark-1.jpg\" \/>\n\t<meta property=\"og:image:width\" content=\"1200\" \/>\n\t<meta property=\"og:image:height\" content=\"1200\" \/>\n\t<meta property=\"og:image:type\" content=\"image\/jpeg\" \/>\n<meta name=\"twitter:card\" content=\"summary_large_image\" \/>\n<script type=\"application\/ld+json\" class=\"yoast-schema-graph\">{\"@context\":\"https:\/\/schema.org\",\"@graph\":[{\"@type\":\"WebPage\",\"@id\":\"https:\/\/sarhaneg.com\/catalogue\/granite\/gazaldark\/\",\"url\":\"https:\/\/sarhaneg.com\/catalogue\/granite\/gazaldark\/\",\"name\":\"Ghazal \/ Verdi - Dark - Sarhan for Marble &amp; Granite | Egypt&#039;s Leading Manufacturer and Exporter of Egyptian Marble and Granite\",\"isPartOf\":{\"@id\":\"https:\/\/sarhaneg.com\/#website\"},\"primaryImageOfPage\":{\"@id\":\"https:\/\/sarhaneg.com\/catalogue\/granite\/gazaldark\/#primaryimage\"},\"image\":{\"@id\":\"https:\/\/sarhaneg.com\/catalogue\/granite\/gazaldark\/#primaryimage\"},\"thumbnailUrl\":\"https:\/\/sarhaneg.com\/wp-content\/uploads\/2024\/09\/GranetGroup1-GazalDark-1.jpg\",\"datePublished\":\"2024-09-12T12:14:00+00:00\",\"dateModified\":\"2024-11-04T10:45:46+00:00\",\"breadcrumb\":{\"@id\":\"https:\/\/sarhaneg.com\/catalogue\/granite\/gazaldark\/#breadcrumb\"},\"inLanguage\":\"fr-FR\",\"potentialAction\":[{\"@type\":\"ReadAction\",\"target\":[\"https:\/\/sarhaneg.com\/catalogue\/granite\/gazaldark\/\"]}]},{\"@type\":\"ImageObject\",\"inLanguage\":\"fr-FR\",\"@id\":\"https:\/\/sarhaneg.com\/catalogue\/granite\/gazaldark\/#primaryimage\",\"url\":\"https:\/\/sarhaneg.com\/wp-content\/uploads\/2024\/09\/GranetGroup1-GazalDark-1.jpg\",\"contentUrl\":\"https:\/\/sarhaneg.com\/wp-content\/uploads\/2024\/09\/GranetGroup1-GazalDark-1.jpg\",\"width\":1200,\"height\":1200},{\"@type\":\"BreadcrumbList\",\"@id\":\"https:\/\/sarhaneg.com\/catalogue\/granite\/gazaldark\/#breadcrumb\",\"itemListElement\":[{\"@type\":\"ListItem\",\"position\":1,\"name\":\"Home\",\"item\":\"https:\/\/sarhaneg.com\/\"},{\"@type\":\"ListItem\",\"position\":2,\"name\":\"Catalogue\",\"item\":\"https:\/\/sarhaneg.com\/catalogue\/\"},{\"@type\":\"ListItem\",\"position\":3,\"name\":\"Ghazal \/ Verdi &#8211; Dark\"}]},{\"@type\":\"WebSite\",\"@id\":\"https:\/\/sarhaneg.com\/#website\",\"url\":\"https:\/\/sarhaneg.com\/\",\"name\":\"Sarhan for Marble & Granite | Egypt's Leading Exporter & Manufacturer of Marble and Granite Since 1996\",\"description\":\"\",\"publisher\":{\"@id\":\"https:\/\/sarhaneg.com\/#organization\"},\"potentialAction\":[{\"@type\":\"SearchAction\",\"target\":{\"@type\":\"EntryPoint\",\"urlTemplate\":\"https:\/\/sarhaneg.com\/?s={search_term_string}\"},\"query-input\":{\"@type\":\"PropertyValueSpecification\",\"valueRequired\":true,\"valueName\":\"search_term_string\"}}],\"inLanguage\":\"fr-FR\"},{\"@type\":\"Organization\",\"@id\":\"https:\/\/sarhaneg.com\/#organization\",\"name\":\"Sarhan for Marble & Granite\",\"url\":\"https:\/\/sarhaneg.com\/\",\"logo\":{\"@type\":\"ImageObject\",\"inLanguage\":\"fr-FR\",\"@id\":\"https:\/\/sarhaneg.com\/#\/schema\/logo\/image\/\",\"url\":\"https:\/\/sarhaneg.com\/wp-content\/uploads\/2024\/09\/Sarhan-Main-Logo-8.png\",\"contentUrl\":\"https:\/\/sarhaneg.com\/wp-content\/uploads\/2024\/09\/Sarhan-Main-Logo-8.png\",\"width\":1221,\"height\":301,\"caption\":\"Sarhan for Marble & Granite\"},\"image\":{\"@id\":\"https:\/\/sarhaneg.com\/#\/schema\/logo\/image\/\"},\"sameAs\":[\"https:\/\/www.facebook.com\/SarhanMarbleGranite\",\"https:\/\/www.linkedin.com\/company\/sarhan-for-marble-and-granote\/\",\"https:\/\/www.instagram.com\/sarhan_marble_and_granite\",\"https:\/\/www.youtube.com\/channel\/UCQDJLN8mhGLJbzoCDOgx9uw\/feed\"]}]}<\/script>\n<!-- \/ Yoast SEO plugin. -->","yoast_head_json":{"title":"Ghazal \/ Verdi - Dark - Sarhan for Marble &amp; Granite | Egypt&#039;s Leading Manufacturer and Exporter of Egyptian Marble and Granite","robots":{"index":"index","follow":"follow","max-snippet":"max-snippet:-1","max-image-preview":"max-image-preview:large","max-video-preview":"max-video-preview:-1"},"canonical":"https:\/\/sarhaneg.com\/fr\/catalogue\/granite\/gazaldark\/","og_locale":"fr_FR","og_type":"article","og_title":"Ghazal \/ Verdi - Dark - Sarhan for Marble &amp; Granite | Egypt&#039;s Leading Manufacturer and Exporter of Egyptian Marble and Granite","og_description":"Ghazal Granite, with its greenish-grey color and black and white speckles, is known for its unique and visually appealing appearance. Indoors, it is used for countertops, flooring, wall cladding, and staircases. Outdoors, it is perfect for paving, exterior cladding, and landscaping.","og_url":"https:\/\/sarhaneg.com\/fr\/catalogue\/granite\/gazaldark\/","og_site_name":"Sarhan for Marble &amp; Granite | Egypt&#039;s Leading Manufacturer and Exporter of Egyptian Marble and Granite","article_publisher":"https:\/\/www.facebook.com\/SarhanMarbleGranite","article_modified_time":"2024-11-04T10:45:46+00:00","og_image":[{"width":1200,"height":1200,"url":"https:\/\/sarhaneg.com\/wp-content\/uploads\/2024\/09\/GranetGroup1-GazalDark-1.jpg","type":"image\/jpeg"}],"twitter_card":"summary_large_image","schema":{"@context":"https:\/\/schema.org","@graph":[{"@type":"WebPage","@id":"https:\/\/sarhaneg.com\/catalogue\/granite\/gazaldark\/","url":"https:\/\/sarhaneg.com\/catalogue\/granite\/gazaldark\/","name":"Ghazal \/ Verdi - Dark - Sarhan for Marble &amp; Granite | Egypt&#039;s Leading Manufacturer and Exporter of Egyptian Marble and Granite","isPartOf":{"@id":"https:\/\/sarhaneg.com\/#website"},"primaryImageOfPage":{"@id":"https:\/\/sarhaneg.com\/catalogue\/granite\/gazaldark\/#primaryimage"},"image":{"@id":"https:\/\/sarhaneg.com\/catalogue\/granite\/gazaldark\/#primaryimage"},"thumbnailUrl":"https:\/\/sarhaneg.com\/wp-content\/uploads\/2024\/09\/GranetGroup1-GazalDark-1.jpg","datePublished":"2024-09-12T12:14:00+00:00","dateModified":"2024-11-04T10:45:46+00:00","breadcrumb":{"@id":"https:\/\/sarhaneg.com\/catalogue\/granite\/gazaldark\/#breadcrumb"},"inLanguage":"fr-FR","potentialAction":[{"@type":"ReadAction","target":["https:\/\/sarhaneg.com\/catalogue\/granite\/gazaldark\/"]}]},{"@type":"ImageObject","inLanguage":"fr-FR","@id":"https:\/\/sarhaneg.com\/catalogue\/granite\/gazaldark\/#primaryimage","url":"https:\/\/sarhaneg.com\/wp-content\/uploads\/2024\/09\/GranetGroup1-GazalDark-1.jpg","contentUrl":"https:\/\/sarhaneg.com\/wp-content\/uploads\/2024\/09\/GranetGroup1-GazalDark-1.jpg","width":1200,"height":1200},{"@type":"BreadcrumbList","@id":"https:\/\/sarhaneg.com\/catalogue\/granite\/gazaldark\/#breadcrumb","itemListElement":[{"@type":"ListItem","position":1,"name":"Home","item":"https:\/\/sarhaneg.com\/"},{"@type":"ListItem","position":2,"name":"Catalogue","item":"https:\/\/sarhaneg.com\/catalogue\/"},{"@type":"ListItem","position":3,"name":"Ghazal \/ Verdi &#8211; Dark"}]},{"@type":"WebSite","@id":"https:\/\/sarhaneg.com\/#website","url":"https:\/\/sarhaneg.com\/","name":"Sarhan for Marble & Granite | Egypt's Leading Exporter & Manufacturer of Marble and Granite Since 1996","description":"","publisher":{"@id":"https:\/\/sarhaneg.com\/#organization"},"potentialAction":[{"@type":"SearchAction","target":{"@type":"EntryPoint","urlTemplate":"https:\/\/sarhaneg.com\/?s={search_term_string}"},"query-input":{"@type":"PropertyValueSpecification","valueRequired":true,"valueName":"search_term_string"}}],"inLanguage":"fr-FR"},{"@type":"Organization","@id":"https:\/\/sarhaneg.com\/#organization","name":"Sarhan for Marble & Granite","url":"https:\/\/sarhaneg.com\/","logo":{"@type":"ImageObject","inLanguage":"fr-FR","@id":"https:\/\/sarhaneg.com\/#\/schema\/logo\/image\/","url":"https:\/\/sarhaneg.com\/wp-content\/uploads\/2024\/09\/Sarhan-Main-Logo-8.png","contentUrl":"https:\/\/sarhaneg.com\/wp-content\/uploads\/2024\/09\/Sarhan-Main-Logo-8.png","width":1221,"height":301,"caption":"Sarhan for Marble & Granite"},"image":{"@id":"https:\/\/sarhaneg.com\/#\/schema\/logo\/image\/"},"sameAs":["https:\/\/www.facebook.com\/SarhanMarbleGranite","https:\/\/www.linkedin.com\/company\/sarhan-for-marble-and-granote\/","https:\/\/www.instagram.com\/sarhan_marble_and_granite","https:\/\/www.youtube.com\/channel\/UCQDJLN8mhGLJbzoCDOgx9uw\/feed"]}]}},"_links":{"self":[{"href":"https:\/\/sarhaneg.com\/fr\/wp-json\/wp\/v2\/product\/6435","targetHints":{"allow":["GET"]}}],"collection":[{"href":"https:\/\/sarhaneg.com\/fr\/wp-json\/wp\/v2\/product"}],"about":[{"href":"https:\/\/sarhaneg.com\/fr\/wp-json\/wp\/v2\/types\/product"}],"replies":[{"embeddable":true,"href":"https:\/\/sarhaneg.com\/fr\/wp-json\/wp\/v2\/comments?post=6435"}],"version-history":[{"count":4,"href":"https:\/\/sarhaneg.com\/fr\/wp-json\/wp\/v2\/product\/6435\/revisions"}],"predecessor-version":[{"id":9336,"href":"https:\/\/sarhaneg.com\/fr\/wp-json\/wp\/v2\/product\/6435\/revisions\/9336"}],"wp:featuredmedia":[{"embeddable":true,"href":"https:\/\/sarhaneg.com\/fr\/wp-json\/wp\/v2\/media\/6440"}],"wp:attachment":[{"href":"https:\/\/sarhaneg.com\/fr\/wp-json\/wp\/v2\/media?parent=6435"}],"wp:term":[{"taxonomy":"product_brand","embeddable":true,"href":"https:\/\/sarhaneg.com\/fr\/wp-json\/wp\/v2\/product_brand?post=6435"},{"taxonomy":"product_cat","embeddable":true,"href":"https:\/\/sarhaneg.com\/fr\/wp-json\/wp\/v2\/product_cat?post=6435"},{"taxonomy":"product_tag","embeddable":true,"href":"https:\/\/sarhaneg.com\/fr\/wp-json\/wp\/v2\/product_tag?post=6435"}],"curies":[{"name":"wp","href":"https:\/\/api.w.org\/{rel}","templated":true}]}}