{"id":6442,"date":"2024-09-12T14:20:56","date_gmt":"2024-09-12T12:20:56","guid":{"rendered":"https:\/\/sarhaneg.com\/?post_type=product&#038;p=6442"},"modified":"2024-11-04T12:53:02","modified_gmt":"2024-11-04T10:53:02","slug":"rosa-hody-dark","status":"publish","type":"product","link":"https:\/\/sarhaneg.com\/fr\/catalogue\/granite\/rosa-hody-dark\/","title":{"rendered":"Rosa Hody fonc\u00e9"},"content":{"rendered":"","protected":false},"excerpt":{"rendered":"<p><span style=\"font-weight: 400;\">Rosa Hody granite, connu pour sa couleur rose profond et ses speckles noirs et blancs, est tr\u00e8s appr\u00e9ci\u00e9 dans la culture \u00e9gyptienne pour son attrait esth\u00e9tique. Il est utilis\u00e9 \u00e0 l'int\u00e9rieur pour les plans de travail, les sols, les rev\u00eatements muraux et les escaliers, et \u00e0 l'ext\u00e9rieur pour le pavage et le rev\u00eatement.<\/span><\/p>","protected":false},"featured_media":6294,"comment_status":"open","ping_status":"closed","template":"","meta":{"_acf_changed":false},"product_brand":[],"product_cat":[99],"product_tag":[],"class_list":{"0":"post-6442","1":"product","2":"type-product","3":"status-publish","4":"has-post-thumbnail","6":"product_cat-granite","8":"first","9":"instock","10":"shipping-taxable","11":"purchasable","12":"product-type-variable"},"acf":[],"yoast_head":"<!-- This site is optimized with the Yoast SEO plugin v25.5 - https:\/\/yoast.com\/wordpress\/plugins\/seo\/ -->\n<title>Rosa Hody Dark - Sarhan for Marble &amp; Granite | Egypt&#039;s Leading Manufacturer and Exporter of Egyptian Marble and Granite<\/title>\n<meta name=\"robots\" content=\"index, follow, max-snippet:-1, max-image-preview:large, max-video-preview:-1\" \/>\n<link rel=\"canonical\" href=\"https:\/\/sarhaneg.com\/fr\/catalogue\/granite\/rosa-hody-dark\/\" \/>\n<meta property=\"og:locale\" content=\"fr_FR\" \/>\n<meta property=\"og:type\" content=\"article\" \/>\n<meta property=\"og:title\" content=\"Rosa Hody Dark - Sarhan for Marble &amp; Granite | Egypt&#039;s Leading Manufacturer and Exporter of Egyptian Marble and Granite\" \/>\n<meta property=\"og:description\" content=\"Rosa Hody granite, known for its deep pink colour and dark and white speckles, is highly valued in Egyptian culture for its aesthetic appeal, used indoors for countertops, flooring, wall cladding, and staircases, and outdoor for paving and cladding.\" \/>\n<meta property=\"og:url\" content=\"https:\/\/sarhaneg.com\/fr\/catalogue\/granite\/rosa-hody-dark\/\" \/>\n<meta property=\"og:site_name\" content=\"Sarhan for Marble &amp; Granite | Egypt&#039;s Leading Manufacturer and Exporter of Egyptian Marble and Granite\" \/>\n<meta property=\"article:publisher\" content=\"https:\/\/www.facebook.com\/SarhanMarbleGranite\" \/>\n<meta property=\"article:modified_time\" content=\"2024-11-04T10:53:02+00:00\" \/>\n<meta property=\"og:image\" content=\"https:\/\/sarhaneg.com\/wp-content\/uploads\/2024\/09\/GranetGroup1-RosaHodyDark.jpg\" \/>\n\t<meta property=\"og:image:width\" content=\"1200\" \/>\n\t<meta property=\"og:image:height\" content=\"1200\" \/>\n\t<meta property=\"og:image:type\" content=\"image\/jpeg\" \/>\n<meta name=\"twitter:card\" content=\"summary_large_image\" \/>\n<script type=\"application\/ld+json\" class=\"yoast-schema-graph\">{\"@context\":\"https:\/\/schema.org\",\"@graph\":[{\"@type\":\"WebPage\",\"@id\":\"https:\/\/sarhaneg.com\/es\/catalogue\/granite\/rosa-hody-dark\/\",\"url\":\"https:\/\/sarhaneg.com\/es\/catalogue\/granite\/rosa-hody-dark\/\",\"name\":\"Rosa Hody Dark - Sarhan for Marble &amp; Granite | Egypt&#039;s Leading Manufacturer and Exporter of Egyptian Marble and Granite\",\"isPartOf\":{\"@id\":\"https:\/\/sarhaneg.com\/#website\"},\"primaryImageOfPage\":{\"@id\":\"https:\/\/sarhaneg.com\/es\/catalogue\/granite\/rosa-hody-dark\/#primaryimage\"},\"image\":{\"@id\":\"https:\/\/sarhaneg.com\/es\/catalogue\/granite\/rosa-hody-dark\/#primaryimage\"},\"thumbnailUrl\":\"https:\/\/sarhaneg.com\/wp-content\/uploads\/2024\/09\/GranetGroup1-RosaHodyDark.jpg\",\"datePublished\":\"2024-09-12T12:20:56+00:00\",\"dateModified\":\"2024-11-04T10:53:02+00:00\",\"breadcrumb\":{\"@id\":\"https:\/\/sarhaneg.com\/es\/catalogue\/granite\/rosa-hody-dark\/#breadcrumb\"},\"inLanguage\":\"fr-FR\",\"potentialAction\":[{\"@type\":\"ReadAction\",\"target\":[\"https:\/\/sarhaneg.com\/es\/catalogue\/granite\/rosa-hody-dark\/\"]}]},{\"@type\":\"ImageObject\",\"inLanguage\":\"fr-FR\",\"@id\":\"https:\/\/sarhaneg.com\/es\/catalogue\/granite\/rosa-hody-dark\/#primaryimage\",\"url\":\"https:\/\/sarhaneg.com\/wp-content\/uploads\/2024\/09\/GranetGroup1-RosaHodyDark.jpg\",\"contentUrl\":\"https:\/\/sarhaneg.com\/wp-content\/uploads\/2024\/09\/GranetGroup1-RosaHodyDark.jpg\",\"width\":1200,\"height\":1200},{\"@type\":\"BreadcrumbList\",\"@id\":\"https:\/\/sarhaneg.com\/es\/catalogue\/granite\/rosa-hody-dark\/#breadcrumb\",\"itemListElement\":[{\"@type\":\"ListItem\",\"position\":1,\"name\":\"Home\",\"item\":\"https:\/\/sarhaneg.com\/\"},{\"@type\":\"ListItem\",\"position\":2,\"name\":\"Catalogue\",\"item\":\"https:\/\/sarhaneg.com\/catalogue\/\"},{\"@type\":\"ListItem\",\"position\":3,\"name\":\"Rosa Hody Dark\"}]},{\"@type\":\"WebSite\",\"@id\":\"https:\/\/sarhaneg.com\/#website\",\"url\":\"https:\/\/sarhaneg.com\/\",\"name\":\"Sarhan for Marble & Granite | Egypt's Leading Exporter & Manufacturer of Marble and Granite Since 1996\",\"description\":\"\",\"publisher\":{\"@id\":\"https:\/\/sarhaneg.com\/#organization\"},\"potentialAction\":[{\"@type\":\"SearchAction\",\"target\":{\"@type\":\"EntryPoint\",\"urlTemplate\":\"https:\/\/sarhaneg.com\/?s={search_term_string}\"},\"query-input\":{\"@type\":\"PropertyValueSpecification\",\"valueRequired\":true,\"valueName\":\"search_term_string\"}}],\"inLanguage\":\"fr-FR\"},{\"@type\":\"Organization\",\"@id\":\"https:\/\/sarhaneg.com\/#organization\",\"name\":\"Sarhan for Marble & Granite\",\"url\":\"https:\/\/sarhaneg.com\/\",\"logo\":{\"@type\":\"ImageObject\",\"inLanguage\":\"fr-FR\",\"@id\":\"https:\/\/sarhaneg.com\/#\/schema\/logo\/image\/\",\"url\":\"https:\/\/sarhaneg.com\/wp-content\/uploads\/2024\/09\/Sarhan-Main-Logo-8.png\",\"contentUrl\":\"https:\/\/sarhaneg.com\/wp-content\/uploads\/2024\/09\/Sarhan-Main-Logo-8.png\",\"width\":1221,\"height\":301,\"caption\":\"Sarhan for Marble & Granite\"},\"image\":{\"@id\":\"https:\/\/sarhaneg.com\/#\/schema\/logo\/image\/\"},\"sameAs\":[\"https:\/\/www.facebook.com\/SarhanMarbleGranite\",\"https:\/\/www.linkedin.com\/company\/sarhan-for-marble-and-granote\/\",\"https:\/\/www.instagram.com\/sarhan_marble_and_granite\",\"https:\/\/www.youtube.com\/channel\/UCQDJLN8mhGLJbzoCDOgx9uw\/feed\"]}]}<\/script>\n<!-- \/ Yoast SEO plugin. -->","yoast_head_json":{"title":"Rosa Hody Dark - Sarhan for Marble &amp; Granite | Egypt&#039;s Leading Manufacturer and Exporter of Egyptian Marble and Granite","robots":{"index":"index","follow":"follow","max-snippet":"max-snippet:-1","max-image-preview":"max-image-preview:large","max-video-preview":"max-video-preview:-1"},"canonical":"https:\/\/sarhaneg.com\/fr\/catalogue\/granite\/rosa-hody-dark\/","og_locale":"fr_FR","og_type":"article","og_title":"Rosa Hody Dark - Sarhan for Marble &amp; Granite | Egypt&#039;s Leading Manufacturer and Exporter of Egyptian Marble and Granite","og_description":"Rosa Hody granite, known for its deep pink colour and dark and white speckles, is highly valued in Egyptian culture for its aesthetic appeal, used indoors for countertops, flooring, wall cladding, and staircases, and outdoor for paving and cladding.","og_url":"https:\/\/sarhaneg.com\/fr\/catalogue\/granite\/rosa-hody-dark\/","og_site_name":"Sarhan for Marble &amp; Granite | Egypt&#039;s Leading Manufacturer and Exporter of Egyptian Marble and Granite","article_publisher":"https:\/\/www.facebook.com\/SarhanMarbleGranite","article_modified_time":"2024-11-04T10:53:02+00:00","og_image":[{"width":1200,"height":1200,"url":"https:\/\/sarhaneg.com\/wp-content\/uploads\/2024\/09\/GranetGroup1-RosaHodyDark.jpg","type":"image\/jpeg"}],"twitter_card":"summary_large_image","schema":{"@context":"https:\/\/schema.org","@graph":[{"@type":"WebPage","@id":"https:\/\/sarhaneg.com\/es\/catalogue\/granite\/rosa-hody-dark\/","url":"https:\/\/sarhaneg.com\/es\/catalogue\/granite\/rosa-hody-dark\/","name":"Rosa Hody Dark - Sarhan for Marble &amp; Granite | Egypt&#039;s Leading Manufacturer and Exporter of Egyptian Marble and Granite","isPartOf":{"@id":"https:\/\/sarhaneg.com\/#website"},"primaryImageOfPage":{"@id":"https:\/\/sarhaneg.com\/es\/catalogue\/granite\/rosa-hody-dark\/#primaryimage"},"image":{"@id":"https:\/\/sarhaneg.com\/es\/catalogue\/granite\/rosa-hody-dark\/#primaryimage"},"thumbnailUrl":"https:\/\/sarhaneg.com\/wp-content\/uploads\/2024\/09\/GranetGroup1-RosaHodyDark.jpg","datePublished":"2024-09-12T12:20:56+00:00","dateModified":"2024-11-04T10:53:02+00:00","breadcrumb":{"@id":"https:\/\/sarhaneg.com\/es\/catalogue\/granite\/rosa-hody-dark\/#breadcrumb"},"inLanguage":"fr-FR","potentialAction":[{"@type":"ReadAction","target":["https:\/\/sarhaneg.com\/es\/catalogue\/granite\/rosa-hody-dark\/"]}]},{"@type":"ImageObject","inLanguage":"fr-FR","@id":"https:\/\/sarhaneg.com\/es\/catalogue\/granite\/rosa-hody-dark\/#primaryimage","url":"https:\/\/sarhaneg.com\/wp-content\/uploads\/2024\/09\/GranetGroup1-RosaHodyDark.jpg","contentUrl":"https:\/\/sarhaneg.com\/wp-content\/uploads\/2024\/09\/GranetGroup1-RosaHodyDark.jpg","width":1200,"height":1200},{"@type":"BreadcrumbList","@id":"https:\/\/sarhaneg.com\/es\/catalogue\/granite\/rosa-hody-dark\/#breadcrumb","itemListElement":[{"@type":"ListItem","position":1,"name":"Home","item":"https:\/\/sarhaneg.com\/"},{"@type":"ListItem","position":2,"name":"Catalogue","item":"https:\/\/sarhaneg.com\/catalogue\/"},{"@type":"ListItem","position":3,"name":"Rosa Hody Dark"}]},{"@type":"WebSite","@id":"https:\/\/sarhaneg.com\/#website","url":"https:\/\/sarhaneg.com\/","name":"Sarhan for Marble & Granite | Egypt's Leading Exporter & Manufacturer of Marble and Granite Since 1996","description":"","publisher":{"@id":"https:\/\/sarhaneg.com\/#organization"},"potentialAction":[{"@type":"SearchAction","target":{"@type":"EntryPoint","urlTemplate":"https:\/\/sarhaneg.com\/?s={search_term_string}"},"query-input":{"@type":"PropertyValueSpecification","valueRequired":true,"valueName":"search_term_string"}}],"inLanguage":"fr-FR"},{"@type":"Organization","@id":"https:\/\/sarhaneg.com\/#organization","name":"Sarhan for Marble & Granite","url":"https:\/\/sarhaneg.com\/","logo":{"@type":"ImageObject","inLanguage":"fr-FR","@id":"https:\/\/sarhaneg.com\/#\/schema\/logo\/image\/","url":"https:\/\/sarhaneg.com\/wp-content\/uploads\/2024\/09\/Sarhan-Main-Logo-8.png","contentUrl":"https:\/\/sarhaneg.com\/wp-content\/uploads\/2024\/09\/Sarhan-Main-Logo-8.png","width":1221,"height":301,"caption":"Sarhan for Marble & Granite"},"image":{"@id":"https:\/\/sarhaneg.com\/#\/schema\/logo\/image\/"},"sameAs":["https:\/\/www.facebook.com\/SarhanMarbleGranite","https:\/\/www.linkedin.com\/company\/sarhan-for-marble-and-granote\/","https:\/\/www.instagram.com\/sarhan_marble_and_granite","https:\/\/www.youtube.com\/channel\/UCQDJLN8mhGLJbzoCDOgx9uw\/feed"]}]}},"_links":{"self":[{"href":"https:\/\/sarhaneg.com\/fr\/wp-json\/wp\/v2\/product\/6442","targetHints":{"allow":["GET"]}}],"collection":[{"href":"https:\/\/sarhaneg.com\/fr\/wp-json\/wp\/v2\/product"}],"about":[{"href":"https:\/\/sarhaneg.com\/fr\/wp-json\/wp\/v2\/types\/product"}],"replies":[{"embeddable":true,"href":"https:\/\/sarhaneg.com\/fr\/wp-json\/wp\/v2\/comments?post=6442"}],"version-history":[{"count":3,"href":"https:\/\/sarhaneg.com\/fr\/wp-json\/wp\/v2\/product\/6442\/revisions"}],"predecessor-version":[{"id":9335,"href":"https:\/\/sarhaneg.com\/fr\/wp-json\/wp\/v2\/product\/6442\/revisions\/9335"}],"wp:featuredmedia":[{"embeddable":true,"href":"https:\/\/sarhaneg.com\/fr\/wp-json\/wp\/v2\/media\/6294"}],"wp:attachment":[{"href":"https:\/\/sarhaneg.com\/fr\/wp-json\/wp\/v2\/media?parent=6442"}],"wp:term":[{"taxonomy":"product_brand","embeddable":true,"href":"https:\/\/sarhaneg.com\/fr\/wp-json\/wp\/v2\/product_brand?post=6442"},{"taxonomy":"product_cat","embeddable":true,"href":"https:\/\/sarhaneg.com\/fr\/wp-json\/wp\/v2\/product_cat?post=6442"},{"taxonomy":"product_tag","embeddable":true,"href":"https:\/\/sarhaneg.com\/fr\/wp-json\/wp\/v2\/product_tag?post=6442"}],"curies":[{"name":"wp","href":"https:\/\/api.w.org\/{rel}","templated":true}]}}