{"id":6587,"date":"2024-09-14T12:56:41","date_gmt":"2024-09-14T10:56:41","guid":{"rendered":"https:\/\/sarhaneg.com\/?post_type=product&#038;p=6587"},"modified":"2024-11-05T10:23:40","modified_gmt":"2024-11-05T08:23:40","slug":"cs202-sinai-pearl-grey","status":"publish","type":"product","link":"https:\/\/sarhaneg.com\/fr\/catalogue\/sinks-basins\/cs202-sinai-pearl-grey\/","title":{"rendered":"CS202 &#8211; Sinai Pearl (Grey)"},"content":{"rendered":"","protected":false},"excerpt":{"rendered":"<p>Tous les \u00e9viers et bassins peuvent \u00eatre personnalis\u00e9s selon les exigences du client en mati\u00e8re de mat\u00e9riaux et de dimensions.<\/p>","protected":false},"featured_media":6474,"comment_status":"open","ping_status":"closed","template":"","meta":{"_acf_changed":false},"product_brand":[],"product_cat":[134],"product_tag":[],"class_list":{"0":"post-6587","1":"product","2":"type-product","3":"status-publish","4":"has-post-thumbnail","6":"product_cat-sinks-basins","8":"first","9":"instock","10":"shipping-taxable","11":"product-type-simple"},"acf":[],"yoast_head":"<!-- This site is optimized with the Yoast SEO plugin v25.5 - https:\/\/yoast.com\/wordpress\/plugins\/seo\/ -->\n<title>CS202 - Sinai Pearl (Grey) - Sarhan for Marble &amp; Granite | Egypt&#039;s Leading Manufacturer and Exporter of Egyptian Marble and Granite<\/title>\n<meta name=\"robots\" content=\"index, follow, max-snippet:-1, max-image-preview:large, max-video-preview:-1\" \/>\n<link rel=\"canonical\" href=\"https:\/\/sarhaneg.com\/fr\/catalogue\/sinks-basins\/cs202-sinai-pearl-grey\/\" \/>\n<meta property=\"og:locale\" content=\"fr_FR\" \/>\n<meta property=\"og:type\" content=\"article\" \/>\n<meta property=\"og:title\" content=\"CS202 - Sinai Pearl (Grey) - Sarhan for Marble &amp; Granite | Egypt&#039;s Leading Manufacturer and Exporter of Egyptian Marble and Granite\" \/>\n<meta property=\"og:description\" content=\"All sinks and basins can be customised according to customer\u2019s requirements for materials and dimensions.\" \/>\n<meta property=\"og:url\" content=\"https:\/\/sarhaneg.com\/fr\/catalogue\/sinks-basins\/cs202-sinai-pearl-grey\/\" \/>\n<meta property=\"og:site_name\" content=\"Sarhan for Marble &amp; Granite | Egypt&#039;s Leading Manufacturer and Exporter of Egyptian Marble and Granite\" \/>\n<meta property=\"article:publisher\" content=\"https:\/\/www.facebook.com\/SarhanMarbleGranite\" \/>\n<meta property=\"article:modified_time\" content=\"2024-11-05T08:23:40+00:00\" \/>\n<meta property=\"og:image\" content=\"https:\/\/sarhaneg.com\/wp-content\/uploads\/2024\/09\/CS202-Sinai-Pearl-Grey.png\" \/>\n\t<meta property=\"og:image:width\" content=\"2095\" \/>\n\t<meta property=\"og:image:height\" content=\"1809\" \/>\n\t<meta property=\"og:image:type\" content=\"image\/png\" \/>\n<meta name=\"twitter:card\" content=\"summary_large_image\" \/>\n<script type=\"application\/ld+json\" class=\"yoast-schema-graph\">{\"@context\":\"https:\/\/schema.org\",\"@graph\":[{\"@type\":\"WebPage\",\"@id\":\"https:\/\/sarhaneg.com\/catalogue\/sinks-basins\/cs202-sinai-pearl-grey\/\",\"url\":\"https:\/\/sarhaneg.com\/catalogue\/sinks-basins\/cs202-sinai-pearl-grey\/\",\"name\":\"CS202 - Sinai Pearl (Grey) - Sarhan for Marble &amp; Granite | Egypt&#039;s Leading Manufacturer and Exporter of Egyptian Marble and Granite\",\"isPartOf\":{\"@id\":\"https:\/\/sarhaneg.com\/#website\"},\"primaryImageOfPage\":{\"@id\":\"https:\/\/sarhaneg.com\/catalogue\/sinks-basins\/cs202-sinai-pearl-grey\/#primaryimage\"},\"image\":{\"@id\":\"https:\/\/sarhaneg.com\/catalogue\/sinks-basins\/cs202-sinai-pearl-grey\/#primaryimage\"},\"thumbnailUrl\":\"https:\/\/sarhaneg.com\/wp-content\/uploads\/2024\/09\/CS202-Sinai-Pearl-Grey.png\",\"datePublished\":\"2024-09-14T10:56:41+00:00\",\"dateModified\":\"2024-11-05T08:23:40+00:00\",\"breadcrumb\":{\"@id\":\"https:\/\/sarhaneg.com\/catalogue\/sinks-basins\/cs202-sinai-pearl-grey\/#breadcrumb\"},\"inLanguage\":\"fr-FR\",\"potentialAction\":[{\"@type\":\"ReadAction\",\"target\":[\"https:\/\/sarhaneg.com\/catalogue\/sinks-basins\/cs202-sinai-pearl-grey\/\"]}]},{\"@type\":\"ImageObject\",\"inLanguage\":\"fr-FR\",\"@id\":\"https:\/\/sarhaneg.com\/catalogue\/sinks-basins\/cs202-sinai-pearl-grey\/#primaryimage\",\"url\":\"https:\/\/sarhaneg.com\/wp-content\/uploads\/2024\/09\/CS202-Sinai-Pearl-Grey.png\",\"contentUrl\":\"https:\/\/sarhaneg.com\/wp-content\/uploads\/2024\/09\/CS202-Sinai-Pearl-Grey.png\",\"width\":2095,\"height\":1809},{\"@type\":\"BreadcrumbList\",\"@id\":\"https:\/\/sarhaneg.com\/catalogue\/sinks-basins\/cs202-sinai-pearl-grey\/#breadcrumb\",\"itemListElement\":[{\"@type\":\"ListItem\",\"position\":1,\"name\":\"Home\",\"item\":\"https:\/\/sarhaneg.com\/\"},{\"@type\":\"ListItem\",\"position\":2,\"name\":\"Catalogue\",\"item\":\"https:\/\/sarhaneg.com\/catalogue\/\"},{\"@type\":\"ListItem\",\"position\":3,\"name\":\"CS202 &#8211; Sinai Pearl (Grey)\"}]},{\"@type\":\"WebSite\",\"@id\":\"https:\/\/sarhaneg.com\/#website\",\"url\":\"https:\/\/sarhaneg.com\/\",\"name\":\"Sarhan for Marble & Granite | Egypt's Leading Exporter & Manufacturer of Marble and Granite Since 1996\",\"description\":\"\",\"publisher\":{\"@id\":\"https:\/\/sarhaneg.com\/#organization\"},\"potentialAction\":[{\"@type\":\"SearchAction\",\"target\":{\"@type\":\"EntryPoint\",\"urlTemplate\":\"https:\/\/sarhaneg.com\/?s={search_term_string}\"},\"query-input\":{\"@type\":\"PropertyValueSpecification\",\"valueRequired\":true,\"valueName\":\"search_term_string\"}}],\"inLanguage\":\"fr-FR\"},{\"@type\":\"Organization\",\"@id\":\"https:\/\/sarhaneg.com\/#organization\",\"name\":\"Sarhan for Marble & Granite\",\"url\":\"https:\/\/sarhaneg.com\/\",\"logo\":{\"@type\":\"ImageObject\",\"inLanguage\":\"fr-FR\",\"@id\":\"https:\/\/sarhaneg.com\/#\/schema\/logo\/image\/\",\"url\":\"https:\/\/sarhaneg.com\/wp-content\/uploads\/2024\/09\/Sarhan-Main-Logo-8.png\",\"contentUrl\":\"https:\/\/sarhaneg.com\/wp-content\/uploads\/2024\/09\/Sarhan-Main-Logo-8.png\",\"width\":1221,\"height\":301,\"caption\":\"Sarhan for Marble & Granite\"},\"image\":{\"@id\":\"https:\/\/sarhaneg.com\/#\/schema\/logo\/image\/\"},\"sameAs\":[\"https:\/\/www.facebook.com\/SarhanMarbleGranite\",\"https:\/\/www.linkedin.com\/company\/sarhan-for-marble-and-granote\/\",\"https:\/\/www.instagram.com\/sarhan_marble_and_granite\",\"https:\/\/www.youtube.com\/channel\/UCQDJLN8mhGLJbzoCDOgx9uw\/feed\"]}]}<\/script>\n<!-- \/ Yoast SEO plugin. -->","yoast_head_json":{"title":"CS202 - Sinai Pearl (Grey) - Sarhan for Marble &amp; Granite | Egypt&#039;s Leading Manufacturer and Exporter of Egyptian Marble and Granite","robots":{"index":"index","follow":"follow","max-snippet":"max-snippet:-1","max-image-preview":"max-image-preview:large","max-video-preview":"max-video-preview:-1"},"canonical":"https:\/\/sarhaneg.com\/fr\/catalogue\/sinks-basins\/cs202-sinai-pearl-grey\/","og_locale":"fr_FR","og_type":"article","og_title":"CS202 - Sinai Pearl (Grey) - Sarhan for Marble &amp; Granite | Egypt&#039;s Leading Manufacturer and Exporter of Egyptian Marble and Granite","og_description":"All sinks and basins can be customised according to customer\u2019s requirements for materials and dimensions.","og_url":"https:\/\/sarhaneg.com\/fr\/catalogue\/sinks-basins\/cs202-sinai-pearl-grey\/","og_site_name":"Sarhan for Marble &amp; Granite | Egypt&#039;s Leading Manufacturer and Exporter of Egyptian Marble and Granite","article_publisher":"https:\/\/www.facebook.com\/SarhanMarbleGranite","article_modified_time":"2024-11-05T08:23:40+00:00","og_image":[{"width":2095,"height":1809,"url":"https:\/\/sarhaneg.com\/wp-content\/uploads\/2024\/09\/CS202-Sinai-Pearl-Grey.png","type":"image\/png"}],"twitter_card":"summary_large_image","schema":{"@context":"https:\/\/schema.org","@graph":[{"@type":"WebPage","@id":"https:\/\/sarhaneg.com\/catalogue\/sinks-basins\/cs202-sinai-pearl-grey\/","url":"https:\/\/sarhaneg.com\/catalogue\/sinks-basins\/cs202-sinai-pearl-grey\/","name":"CS202 - Sinai Pearl (Grey) - Sarhan for Marble &amp; Granite | Egypt&#039;s Leading Manufacturer and Exporter of Egyptian Marble and Granite","isPartOf":{"@id":"https:\/\/sarhaneg.com\/#website"},"primaryImageOfPage":{"@id":"https:\/\/sarhaneg.com\/catalogue\/sinks-basins\/cs202-sinai-pearl-grey\/#primaryimage"},"image":{"@id":"https:\/\/sarhaneg.com\/catalogue\/sinks-basins\/cs202-sinai-pearl-grey\/#primaryimage"},"thumbnailUrl":"https:\/\/sarhaneg.com\/wp-content\/uploads\/2024\/09\/CS202-Sinai-Pearl-Grey.png","datePublished":"2024-09-14T10:56:41+00:00","dateModified":"2024-11-05T08:23:40+00:00","breadcrumb":{"@id":"https:\/\/sarhaneg.com\/catalogue\/sinks-basins\/cs202-sinai-pearl-grey\/#breadcrumb"},"inLanguage":"fr-FR","potentialAction":[{"@type":"ReadAction","target":["https:\/\/sarhaneg.com\/catalogue\/sinks-basins\/cs202-sinai-pearl-grey\/"]}]},{"@type":"ImageObject","inLanguage":"fr-FR","@id":"https:\/\/sarhaneg.com\/catalogue\/sinks-basins\/cs202-sinai-pearl-grey\/#primaryimage","url":"https:\/\/sarhaneg.com\/wp-content\/uploads\/2024\/09\/CS202-Sinai-Pearl-Grey.png","contentUrl":"https:\/\/sarhaneg.com\/wp-content\/uploads\/2024\/09\/CS202-Sinai-Pearl-Grey.png","width":2095,"height":1809},{"@type":"BreadcrumbList","@id":"https:\/\/sarhaneg.com\/catalogue\/sinks-basins\/cs202-sinai-pearl-grey\/#breadcrumb","itemListElement":[{"@type":"ListItem","position":1,"name":"Home","item":"https:\/\/sarhaneg.com\/"},{"@type":"ListItem","position":2,"name":"Catalogue","item":"https:\/\/sarhaneg.com\/catalogue\/"},{"@type":"ListItem","position":3,"name":"CS202 &#8211; Sinai Pearl (Grey)"}]},{"@type":"WebSite","@id":"https:\/\/sarhaneg.com\/#website","url":"https:\/\/sarhaneg.com\/","name":"Sarhan for Marble & Granite | Egypt's Leading Exporter & Manufacturer of Marble and Granite Since 1996","description":"","publisher":{"@id":"https:\/\/sarhaneg.com\/#organization"},"potentialAction":[{"@type":"SearchAction","target":{"@type":"EntryPoint","urlTemplate":"https:\/\/sarhaneg.com\/?s={search_term_string}"},"query-input":{"@type":"PropertyValueSpecification","valueRequired":true,"valueName":"search_term_string"}}],"inLanguage":"fr-FR"},{"@type":"Organization","@id":"https:\/\/sarhaneg.com\/#organization","name":"Sarhan for Marble & Granite","url":"https:\/\/sarhaneg.com\/","logo":{"@type":"ImageObject","inLanguage":"fr-FR","@id":"https:\/\/sarhaneg.com\/#\/schema\/logo\/image\/","url":"https:\/\/sarhaneg.com\/wp-content\/uploads\/2024\/09\/Sarhan-Main-Logo-8.png","contentUrl":"https:\/\/sarhaneg.com\/wp-content\/uploads\/2024\/09\/Sarhan-Main-Logo-8.png","width":1221,"height":301,"caption":"Sarhan for Marble & Granite"},"image":{"@id":"https:\/\/sarhaneg.com\/#\/schema\/logo\/image\/"},"sameAs":["https:\/\/www.facebook.com\/SarhanMarbleGranite","https:\/\/www.linkedin.com\/company\/sarhan-for-marble-and-granote\/","https:\/\/www.instagram.com\/sarhan_marble_and_granite","https:\/\/www.youtube.com\/channel\/UCQDJLN8mhGLJbzoCDOgx9uw\/feed"]}]}},"_links":{"self":[{"href":"https:\/\/sarhaneg.com\/fr\/wp-json\/wp\/v2\/product\/6587","targetHints":{"allow":["GET"]}}],"collection":[{"href":"https:\/\/sarhaneg.com\/fr\/wp-json\/wp\/v2\/product"}],"about":[{"href":"https:\/\/sarhaneg.com\/fr\/wp-json\/wp\/v2\/types\/product"}],"replies":[{"embeddable":true,"href":"https:\/\/sarhaneg.com\/fr\/wp-json\/wp\/v2\/comments?post=6587"}],"version-history":[{"count":2,"href":"https:\/\/sarhaneg.com\/fr\/wp-json\/wp\/v2\/product\/6587\/revisions"}],"predecessor-version":[{"id":6596,"href":"https:\/\/sarhaneg.com\/fr\/wp-json\/wp\/v2\/product\/6587\/revisions\/6596"}],"wp:featuredmedia":[{"embeddable":true,"href":"https:\/\/sarhaneg.com\/fr\/wp-json\/wp\/v2\/media\/6474"}],"wp:attachment":[{"href":"https:\/\/sarhaneg.com\/fr\/wp-json\/wp\/v2\/media?parent=6587"}],"wp:term":[{"taxonomy":"product_brand","embeddable":true,"href":"https:\/\/sarhaneg.com\/fr\/wp-json\/wp\/v2\/product_brand?post=6587"},{"taxonomy":"product_cat","embeddable":true,"href":"https:\/\/sarhaneg.com\/fr\/wp-json\/wp\/v2\/product_cat?post=6587"},{"taxonomy":"product_tag","embeddable":true,"href":"https:\/\/sarhaneg.com\/fr\/wp-json\/wp\/v2\/product_tag?post=6587"}],"curies":[{"name":"wp","href":"https:\/\/api.w.org\/{rel}","templated":true}]}}